{"id":49410,"date":"2023-12-16T23:24:15","date_gmt":"2023-12-17T04:24:15","guid":{"rendered":"https:\/\/hdgolf.com\/pourquoi-hd-golf\/who-is-hd-golf\/"},"modified":"2024-02-07T15:26:39","modified_gmt":"2024-02-07T20:26:39","slug":"qui-sommes-nous","status":"publish","type":"page","link":"https:\/\/hdgolf.com\/fr\/pourquoi-hd-golf\/qui-sommes-nous\/","title":{"rendered":"Qui sommes-nous\u00a0?"},"content":{"rendered":"\n<h2 class=\"wp-block-heading\">Nous fabriquons le meilleur simulateur du secteur.<\/h2>\n\n\n\n<p>Nous analysons minutieusement les moindres d\u00e9tails pour vous offrir une exp\u00e9rience in\u00e9gal\u00e9e. Notre technologie exclusive offre un r\u00e9alisme incroyable, une pr\u00e9cision extr\u00eame et une exp\u00e9rience utilisateur intuitive, ainsi qu\u2019une assistance 24\u00a0heures sur\u00a024. Nos d\u00e9veloppeurs ne se contentent pas de recr\u00e9er les meilleurs parcours du monde, ils ont \u00e9galement \u00e9labor\u00e9 une incroyable s\u00e9lection d\u2019installations d\u2019entra\u00eenement, de comp\u00e9titions et de jeux pour tous. Nous nous concentrons sur les d\u00e9tails afin d\u2019offrir \u00e0 chaque golfeur le simulateur le plus immersif qui soit.\u00a0<\/p>\n\n\n\n<div class=\"wp-block-buttons is-layout-flex wp-block-buttons-is-layout-flex\">\n<div class=\"wp-block-button\"><a class=\"wp-block-button__link wp-element-button\" href=\"https:\/\/hdgolf.com\/fr\/communiquez\/ventes\/\">Communiquez avec nous<\/a><\/div>\n<\/div>\n\n\n\n<p><\/p>\n\n\n\n<h2 class=\"wp-block-heading\">\u00c0 propos de HD\u00a0Golf<\/h2>\n\n\n\n<p>HD\u00a0Golf offre le simulateur de golf le plus \u00e9tonnant et le plus immersif au monde, et est le pionnier de la technologie de vision par ordinateur dans le secteur de la simulation de golf. Les capacit\u00e9s photor\u00e9alistes spectaculaires permettent de capturer la v\u00e9ritable beaut\u00e9 de certains des parcours de golf les plus renomm\u00e9s au monde. HD\u00a0Golf est avant tout une soci\u00e9t\u00e9 d\u2019ing\u00e9nierie et de g\u00e9nie logiciel. <\/p>\n\n\n\n<p>Notre fiert\u00e9 r\u00e9side dans le fait que l\u2019ensemble du programme de simulation de golf, les sous-syst\u00e8mes, la technologie de suivi des joueurs et des balles, les logiciels et l\u2019infrastructure sont con\u00e7us, construits et entretenus par notre \u00e9quipe d\u2019experts.<\/p>\n\n\n\n<div class=\"wp-block-buttons is-layout-flex wp-block-buttons-is-layout-flex\">\n<div class=\"wp-block-button\"><a class=\"wp-block-button__link wp-element-button\" href=\"https:\/\/hdgolf.com\/fr\/communiquez\/ventes\/\">Communiquez avec nous<\/a><\/div>\n<\/div>\n","protected":false},"excerpt":{"rendered":"<p>Nous fabriquons le meilleur simulateur du secteur. Nous analysons minutieusement les moindres d\u00e9tails pour vous offrir une exp\u00e9rience in\u00e9gal\u00e9e. Notre technologie exclusive offre un r\u00e9alisme incroyable, une pr\u00e9cision extr\u00eame et une exp\u00e9rience utilisateur intuitive, ainsi qu\u2019une assistance 24\u00a0heures sur\u00a024. Nos d\u00e9veloppeurs ne se contentent pas de recr\u00e9er les meilleurs parcours du monde, ils ont \u00e9galement [&hellip;]<\/p>\n","protected":false},"author":3,"featured_media":49917,"parent":48149,"menu_order":6,"comment_status":"closed","ping_status":"closed","template":"page-top-level.php","meta":{"_acf_changed":false,"footnotes":""},"class_list":["post-49410","page","type-page","status-publish","has-post-thumbnail","hentry"],"acf":[],"_links":{"self":[{"href":"https:\/\/hdgolf.com\/fr\/wp-json\/wp\/v2\/pages\/49410","targetHints":{"allow":["GET"]}}],"collection":[{"href":"https:\/\/hdgolf.com\/fr\/wp-json\/wp\/v2\/pages"}],"about":[{"href":"https:\/\/hdgolf.com\/fr\/wp-json\/wp\/v2\/types\/page"}],"author":[{"embeddable":true,"href":"https:\/\/hdgolf.com\/fr\/wp-json\/wp\/v2\/users\/3"}],"replies":[{"embeddable":true,"href":"https:\/\/hdgolf.com\/fr\/wp-json\/wp\/v2\/comments?post=49410"}],"version-history":[{"count":0,"href":"https:\/\/hdgolf.com\/fr\/wp-json\/wp\/v2\/pages\/49410\/revisions"}],"up":[{"embeddable":true,"href":"https:\/\/hdgolf.com\/fr\/wp-json\/wp\/v2\/pages\/48149"}],"wp:featuredmedia":[{"embeddable":true,"href":"https:\/\/hdgolf.com\/fr\/wp-json\/wp\/v2\/media\/49917"}],"wp:attachment":[{"href":"https:\/\/hdgolf.com\/fr\/wp-json\/wp\/v2\/media?parent=49410"}],"curies":[{"name":"wp","href":"https:\/\/api.w.org\/{rel}","templated":true}]}}