{"id":49405,"date":"2023-12-16T23:18:57","date_gmt":"2023-12-17T04:18:57","guid":{"rendered":"https:\/\/hdgolf.com\/pourquoi-hd-golf\/support\/"},"modified":"2024-02-07T15:10:37","modified_gmt":"2024-02-07T20:10:37","slug":"assistance","status":"publish","type":"page","link":"https:\/\/hdgolf.com\/fr\/pourquoi-hd-golf\/assistance\/","title":{"rendered":"Assistance"},"content":{"rendered":"\n<h2 class=\"wp-block-heading\">Un service \u00e0 la client\u00e8le de classe mondiale<\/h2>\n\n\n\n<p>HD Golf est le seul fabricant de simulateurs \u00e0 disposer de capacit\u00e9s internes compl\u00e8tes en mati\u00e8re d\u2019ing\u00e9nierie, de d\u00e9veloppement de jeux et d\u2019assistance.<\/p>\n\n\n\n<div class=\"wp-block-buttons is-layout-flex wp-block-buttons-is-layout-flex\">\n<div class=\"wp-block-button\"><a class=\"wp-block-button__link wp-element-button\" href=\"https:\/\/hdgolf.com\/fr\/communiquez\/ventes\/\">Lancez-vous<\/a><\/div>\n<\/div>\n\n\n\n<h3 class=\"wp-block-heading\">Notre \u00e9quipe d\u2019assistance comprend :<\/h3>\n\n\n\n<ul class=\"wp-block-list\">\n<li>Un chef de projet et des techniciens d\u2019installation d\u00e9di\u00e9s<\/li>\n\n\n\n<li>Une assistance \u00e0 la client\u00e8le 24 heures sur 24, 7 jours sur 7 et une garantie de 2 ans, la meilleure de l\u2019industrie<\/li>\n\n\n\n<li>Des diagnostics \u00e0 distance<\/li>\n\n\n\n<li>Un soutien marketing : contenu, tournois, appui au lancement<\/li>\n\n\n\n<li>Un soutien sur place pour le syst\u00e8me de gestion Clubhouse<\/li>\n<\/ul>\n","protected":false},"excerpt":{"rendered":"<p>Un service \u00e0 la client\u00e8le de classe mondiale HD Golf est le seul fabricant de simulateurs \u00e0 disposer de capacit\u00e9s internes compl\u00e8tes en mati\u00e8re d\u2019ing\u00e9nierie, de d\u00e9veloppement de jeux et d\u2019assistance. Notre \u00e9quipe d\u2019assistance comprend :<\/p>\n","protected":false},"author":3,"featured_media":3453,"parent":48149,"menu_order":7,"comment_status":"closed","ping_status":"closed","template":"page-top-level.php","meta":{"_acf_changed":false,"footnotes":""},"class_list":["post-49405","page","type-page","status-publish","has-post-thumbnail","hentry"],"acf":[],"_links":{"self":[{"href":"https:\/\/hdgolf.com\/fr\/wp-json\/wp\/v2\/pages\/49405","targetHints":{"allow":["GET"]}}],"collection":[{"href":"https:\/\/hdgolf.com\/fr\/wp-json\/wp\/v2\/pages"}],"about":[{"href":"https:\/\/hdgolf.com\/fr\/wp-json\/wp\/v2\/types\/page"}],"author":[{"embeddable":true,"href":"https:\/\/hdgolf.com\/fr\/wp-json\/wp\/v2\/users\/3"}],"replies":[{"embeddable":true,"href":"https:\/\/hdgolf.com\/fr\/wp-json\/wp\/v2\/comments?post=49405"}],"version-history":[{"count":0,"href":"https:\/\/hdgolf.com\/fr\/wp-json\/wp\/v2\/pages\/49405\/revisions"}],"up":[{"embeddable":true,"href":"https:\/\/hdgolf.com\/fr\/wp-json\/wp\/v2\/pages\/48149"}],"wp:featuredmedia":[{"embeddable":true,"href":"https:\/\/hdgolf.com\/fr\/wp-json\/wp\/v2\/media\/3453"}],"wp:attachment":[{"href":"https:\/\/hdgolf.com\/fr\/wp-json\/wp\/v2\/media?parent=49405"}],"curies":[{"name":"wp","href":"https:\/\/api.w.org\/{rel}","templated":true}]}}