{"id":49392,"date":"2023-12-16T23:25:26","date_gmt":"2023-12-17T04:25:26","guid":{"rendered":"https:\/\/hdgolf.com\/why-hd-golf\/client-experiences\/"},"modified":"2024-02-07T15:33:11","modified_gmt":"2024-02-07T20:33:11","slug":"experience-client","status":"publish","type":"page","link":"https:\/\/hdgolf.com\/fr\/pourquoi-hd-golf\/experience-client\/","title":{"rendered":"Exp\u00e9rience client"},"content":{"rendered":"\n<h2 class=\"wp-block-heading\">HD\u00a0Golf r\u00e9pond \u00e0 tous vos besoins en mati\u00e8re de simulateurs.<\/h2>\n\n\n\n<p>Nous sommes le seul fabricant \u00e0 g\u00e9rer l\u2019ing\u00e9nierie, le d\u00e9veloppement de jeux et l\u2019assistance en interne. Notre expertise nous permet de proposer des simulateurs avec un temps de disponibilit\u00e9 sup\u00e9rieur \u00e0 99\u00a0%. Nous sommes \u00e0 vos c\u00f4t\u00e9s \u00e0 chaque \u00e9tape.<\/p>\n\n\n\n<div class=\"wp-block-buttons is-layout-flex wp-block-buttons-is-layout-flex\">\n<div class=\"wp-block-button\"><a class=\"wp-block-button__link wp-element-button\" href=\"https:\/\/hdgolf.com\/fr\/communiquez\/ventes\/\">Communiquez avec nous<\/a><\/div>\n<\/div>\n","protected":false},"excerpt":{"rendered":"<p>HD\u00a0Golf r\u00e9pond \u00e0 tous vos besoins en mati\u00e8re de simulateurs. Nous sommes le seul fabricant \u00e0 g\u00e9rer l\u2019ing\u00e9nierie, le d\u00e9veloppement de jeux et l\u2019assistance en interne. Notre expertise nous permet de proposer des simulateurs avec un temps de disponibilit\u00e9 sup\u00e9rieur \u00e0 99\u00a0%. Nous sommes \u00e0 vos c\u00f4t\u00e9s \u00e0 chaque \u00e9tape.<\/p>\n","protected":false},"author":3,"featured_media":3419,"parent":48149,"menu_order":2,"comment_status":"closed","ping_status":"closed","template":"page-top-level.php","meta":{"_acf_changed":false,"footnotes":""},"class_list":["post-49392","page","type-page","status-publish","has-post-thumbnail","hentry"],"acf":[],"_links":{"self":[{"href":"https:\/\/hdgolf.com\/fr\/wp-json\/wp\/v2\/pages\/49392","targetHints":{"allow":["GET"]}}],"collection":[{"href":"https:\/\/hdgolf.com\/fr\/wp-json\/wp\/v2\/pages"}],"about":[{"href":"https:\/\/hdgolf.com\/fr\/wp-json\/wp\/v2\/types\/page"}],"author":[{"embeddable":true,"href":"https:\/\/hdgolf.com\/fr\/wp-json\/wp\/v2\/users\/3"}],"replies":[{"embeddable":true,"href":"https:\/\/hdgolf.com\/fr\/wp-json\/wp\/v2\/comments?post=49392"}],"version-history":[{"count":0,"href":"https:\/\/hdgolf.com\/fr\/wp-json\/wp\/v2\/pages\/49392\/revisions"}],"up":[{"embeddable":true,"href":"https:\/\/hdgolf.com\/fr\/wp-json\/wp\/v2\/pages\/48149"}],"wp:featuredmedia":[{"embeddable":true,"href":"https:\/\/hdgolf.com\/fr\/wp-json\/wp\/v2\/media\/3419"}],"wp:attachment":[{"href":"https:\/\/hdgolf.com\/fr\/wp-json\/wp\/v2\/media?parent=49392"}],"curies":[{"name":"wp","href":"https:\/\/api.w.org\/{rel}","templated":true}]}}