{"id":49376,"date":"2023-12-16T23:21:53","date_gmt":"2023-12-17T04:21:53","guid":{"rendered":"https:\/\/hdgolf.com\/why-hd-golf\/simulator-technology\/"},"modified":"2024-02-07T16:12:05","modified_gmt":"2024-02-07T21:12:05","slug":"technologie-de-simulateur","status":"publish","type":"page","link":"https:\/\/hdgolf.com\/fr\/pourquoi-hd-golf\/technologie-de-simulateur\/","title":{"rendered":"Technologie de simulateur"},"content":{"rendered":"\n<h2 class=\"wp-block-heading\">Le meilleur logiciel de simulation de golf.<\/h2>\n\n\n\n<p>Utilisant plus de cam\u00e9ras que n\u2019importe quel autre simulateur, la technologie avanc\u00e9e de vision par ordinateur de HD\u00a0Golf suit et analyse la vitesse de votre balle, l\u2019angle de lancement, la trajectoire de votre \u00e9lan, la trajectoire de la face du b\u00e2ton, le contact et le facteur de frappe avec une pr\u00e9cision incroyable. Tous les aspects de votre exp\u00e9rience de jeu seront rehauss\u00e9s.<\/p>\n\n\n\n<div class=\"wp-block-buttons is-layout-flex wp-block-buttons-is-layout-flex\">\n<div class=\"wp-block-button\"><a class=\"wp-block-button__link wp-element-button\" href=\"https:\/\/hdgolf.com\/fr\/communiquez\/ventes\/\">Communiquez avec nous<\/a><\/div>\n<\/div>\n","protected":false},"excerpt":{"rendered":"<p>Le meilleur logiciel de simulation de golf. Utilisant plus de cam\u00e9ras que n\u2019importe quel autre simulateur, la technologie avanc\u00e9e de vision par ordinateur de HD\u00a0Golf suit et analyse la vitesse de votre balle, l\u2019angle de lancement, la trajectoire de votre \u00e9lan, la trajectoire de la face du b\u00e2ton, le contact et le facteur de frappe [&hellip;]<\/p>\n","protected":false},"author":3,"featured_media":47610,"parent":48149,"menu_order":3,"comment_status":"closed","ping_status":"closed","template":"page-top-level.php","meta":{"_acf_changed":false,"footnotes":""},"class_list":["post-49376","page","type-page","status-publish","has-post-thumbnail","hentry"],"acf":[],"_links":{"self":[{"href":"https:\/\/hdgolf.com\/fr\/wp-json\/wp\/v2\/pages\/49376","targetHints":{"allow":["GET"]}}],"collection":[{"href":"https:\/\/hdgolf.com\/fr\/wp-json\/wp\/v2\/pages"}],"about":[{"href":"https:\/\/hdgolf.com\/fr\/wp-json\/wp\/v2\/types\/page"}],"author":[{"embeddable":true,"href":"https:\/\/hdgolf.com\/fr\/wp-json\/wp\/v2\/users\/3"}],"replies":[{"embeddable":true,"href":"https:\/\/hdgolf.com\/fr\/wp-json\/wp\/v2\/comments?post=49376"}],"version-history":[{"count":0,"href":"https:\/\/hdgolf.com\/fr\/wp-json\/wp\/v2\/pages\/49376\/revisions"}],"up":[{"embeddable":true,"href":"https:\/\/hdgolf.com\/fr\/wp-json\/wp\/v2\/pages\/48149"}],"wp:featuredmedia":[{"embeddable":true,"href":"https:\/\/hdgolf.com\/fr\/wp-json\/wp\/v2\/media\/47610"}],"wp:attachment":[{"href":"https:\/\/hdgolf.com\/fr\/wp-json\/wp\/v2\/media?parent=49376"}],"curies":[{"name":"wp","href":"https:\/\/api.w.org\/{rel}","templated":true}]}}