{"id":49305,"date":"2023-12-17T03:30:03","date_gmt":"2023-12-17T08:30:03","guid":{"rendered":"https:\/\/hdgolf.com\/produits\/player-improvement\/dave-pelz-backyard-experience\/"},"modified":"2024-02-08T12:10:56","modified_gmt":"2024-02-08T17:10:56","slug":"lexperience-de-lentrainement-en-plein-air-de-dave-pelz","status":"publish","type":"page","link":"https:\/\/hdgolf.com\/fr\/produits\/perfectionnement-des-joueurs\/lexperience-de-lentrainement-en-plein-air-de-dave-pelz\/","title":{"rendered":"L\u2019exp\u00e9rience de l\u2019entra\u00eenement en plein air de Dave\u00a0Pelz"},"content":{"rendered":"\n<h2 class=\"wp-block-heading\">Dave\u00a0Pelz s\u2019associe \u00e0 HD\u00a0Golf pour que vous puissiez vous entra\u00eener comme un pro.<\/h2>\n\n\n\n<p>HD\u00a0Golf est ravie d\u2019annoncer la conclusion d\u2019un partenariat unique avec Dave\u00a0Pelz, membre du Temple de la renomm\u00e9e des enseignants de golf et entra\u00eeneur de PGA\u00a0Tour. HD\u00a0Golf a recr\u00e9\u00e9 le c\u00e9l\u00e8bre programme d\u2019entra\u00eenement en plein air de Dave\u00a0Pelz pour le simulateur HD. Il s\u2019agit des m\u00eames installations et de la m\u00eame m\u00e9thode que les professionnels Phil\u00a0Mickelson et Patrick\u00a0Reed ont utilis\u00e9es dans le cadre de leur entra\u00eenement. C\u2019est maintenant \u00e0 votre tour de hausser le niveau de votre jeu.<\/p>\n\n\n\n<div class=\"wp-block-buttons is-layout-flex wp-block-buttons-is-layout-flex\">\n<div class=\"wp-block-button\"><a class=\"wp-block-button__link wp-element-button\" href=\"https:\/\/hdgolf.com\/fr\/communiquez\/ventes\/\">Communiquez avec nous<\/a><\/div>\n<\/div>\n","protected":false},"excerpt":{"rendered":"<p>Dave\u00a0Pelz s\u2019associe \u00e0 HD\u00a0Golf pour que vous puissiez vous entra\u00eener comme un pro. HD\u00a0Golf est ravie d\u2019annoncer la conclusion d\u2019un partenariat unique avec Dave\u00a0Pelz, membre du Temple de la renomm\u00e9e des enseignants de golf et entra\u00eeneur de PGA\u00a0Tour. HD\u00a0Golf a recr\u00e9\u00e9 le c\u00e9l\u00e8bre programme d\u2019entra\u00eenement en plein air de Dave\u00a0Pelz pour le simulateur HD. Il [&hellip;]<\/p>\n","protected":false},"author":3,"featured_media":3259,"parent":49260,"menu_order":12,"comment_status":"closed","ping_status":"closed","template":"page-top-level.php","meta":{"_acf_changed":false,"footnotes":""},"class_list":["post-49305","page","type-page","status-publish","has-post-thumbnail","hentry"],"acf":[],"_links":{"self":[{"href":"https:\/\/hdgolf.com\/fr\/wp-json\/wp\/v2\/pages\/49305","targetHints":{"allow":["GET"]}}],"collection":[{"href":"https:\/\/hdgolf.com\/fr\/wp-json\/wp\/v2\/pages"}],"about":[{"href":"https:\/\/hdgolf.com\/fr\/wp-json\/wp\/v2\/types\/page"}],"author":[{"embeddable":true,"href":"https:\/\/hdgolf.com\/fr\/wp-json\/wp\/v2\/users\/3"}],"replies":[{"embeddable":true,"href":"https:\/\/hdgolf.com\/fr\/wp-json\/wp\/v2\/comments?post=49305"}],"version-history":[{"count":0,"href":"https:\/\/hdgolf.com\/fr\/wp-json\/wp\/v2\/pages\/49305\/revisions"}],"up":[{"embeddable":true,"href":"https:\/\/hdgolf.com\/fr\/wp-json\/wp\/v2\/pages\/49260"}],"wp:featuredmedia":[{"embeddable":true,"href":"https:\/\/hdgolf.com\/fr\/wp-json\/wp\/v2\/media\/3259"}],"wp:attachment":[{"href":"https:\/\/hdgolf.com\/fr\/wp-json\/wp\/v2\/media?parent=49305"}],"curies":[{"name":"wp","href":"https:\/\/api.w.org\/{rel}","templated":true}]}}