{"id":49283,"date":"2023-12-17T03:16:29","date_gmt":"2023-12-17T08:16:29","guid":{"rendered":"https:\/\/hdgolf.com\/produits\/player-improvement\/video-swing-analysis\/"},"modified":"2024-02-08T12:04:48","modified_gmt":"2024-02-08T17:04:48","slug":"analyse-video-de-lelan","status":"publish","type":"page","link":"https:\/\/hdgolf.com\/fr\/produits\/perfectionnement-des-joueurs\/analyse-video-de-lelan\/","title":{"rendered":"Analyse vid\u00e9o de l\u2019\u00e9lan"},"content":{"rendered":"\n<h2 class=\"wp-block-heading\">Syst\u00e8me complet d\u2019analyse vid\u00e9o de golf pour le joueur d\u00e9butant ou expert.<\/h2>\n\n\n\n<p>Obtenez l\u2019avantage ultime gr\u00e2ce \u00e0 l\u2019analyse vid\u00e9o des \u00e9lans rendue possible par HD\u00a0Golf. Notre syst\u00e8me de cam\u00e9ras pour \u00e9lans vous aidera \u00e0 vous am\u00e9liorer plus rapidement, \u00e0 apporter des changements durables \u00e0 votre jeu et \u00e0 enregistrer chaque succ\u00e8s. C\u2019est comme si vous disposiez d\u2019une \u00e9quipe de tournage et d\u2019un instructeur \u00e0 vos c\u00f4t\u00e9s \u00e0 chaque \u00e9lan. Lorsque vous tentez d\u2019am\u00e9liorer votre jeu, vous devez comprendre comment des changements subtils peuvent avoir une influence sur l\u2019ensemble de votre jeu. L\u2019analyse vid\u00e9o offerte par HD\u00a0Golf est riche en fonctionnalit\u00e9s et comprend un ensemble complet d\u2019outils de dessin et d\u2019\u00e9dition.<\/p>\n\n\n<div class=\"wp-block-image\">\n<figure class=\"aligncenter size-full is-resized\"><img loading=\"lazy\" decoding=\"async\" width=\"1023\" height=\"765\" src=\"https:\/\/hdgolf.com\/wp-content\/uploads\/2023\/12\/swing_analysisopt.jpg\" alt=\"\" class=\"wp-image-2185\" style=\"width:600px\" srcset=\"https:\/\/hdgolf.com\/wp-content\/uploads\/2023\/12\/swing_analysisopt.jpg 1023w, https:\/\/hdgolf.com\/wp-content\/uploads\/2023\/12\/swing_analysisopt-400x299.jpg 400w, https:\/\/hdgolf.com\/wp-content\/uploads\/2023\/12\/swing_analysisopt-800x598.jpg 800w, https:\/\/hdgolf.com\/wp-content\/uploads\/2023\/12\/swing_analysisopt-300x224.jpg 300w, https:\/\/hdgolf.com\/wp-content\/uploads\/2023\/12\/swing_analysisopt-600x449.jpg 600w, https:\/\/hdgolf.com\/wp-content\/uploads\/2023\/12\/swing_analysisopt-535x400.jpg 535w\" sizes=\"auto, (max-width: 1023px) 100vw, 1023px\" \/><\/figure>\n<\/div>","protected":false},"excerpt":{"rendered":"<p>Syst\u00e8me complet d\u2019analyse vid\u00e9o de golf pour le joueur d\u00e9butant ou expert. Obtenez l\u2019avantage ultime gr\u00e2ce \u00e0 l\u2019analyse vid\u00e9o des \u00e9lans rendue possible par HD\u00a0Golf. Notre syst\u00e8me de cam\u00e9ras pour \u00e9lans vous aidera \u00e0 vous am\u00e9liorer plus rapidement, \u00e0 apporter des changements durables \u00e0 votre jeu et \u00e0 enregistrer chaque succ\u00e8s. C\u2019est comme si vous [&hellip;]<\/p>\n","protected":false},"author":3,"featured_media":3241,"parent":49260,"menu_order":9,"comment_status":"closed","ping_status":"closed","template":"page-top-level.php","meta":{"_acf_changed":false,"footnotes":""},"class_list":["post-49283","page","type-page","status-publish","has-post-thumbnail","hentry"],"acf":[],"_links":{"self":[{"href":"https:\/\/hdgolf.com\/fr\/wp-json\/wp\/v2\/pages\/49283","targetHints":{"allow":["GET"]}}],"collection":[{"href":"https:\/\/hdgolf.com\/fr\/wp-json\/wp\/v2\/pages"}],"about":[{"href":"https:\/\/hdgolf.com\/fr\/wp-json\/wp\/v2\/types\/page"}],"author":[{"embeddable":true,"href":"https:\/\/hdgolf.com\/fr\/wp-json\/wp\/v2\/users\/3"}],"replies":[{"embeddable":true,"href":"https:\/\/hdgolf.com\/fr\/wp-json\/wp\/v2\/comments?post=49283"}],"version-history":[{"count":0,"href":"https:\/\/hdgolf.com\/fr\/wp-json\/wp\/v2\/pages\/49283\/revisions"}],"up":[{"embeddable":true,"href":"https:\/\/hdgolf.com\/fr\/wp-json\/wp\/v2\/pages\/49260"}],"wp:featuredmedia":[{"embeddable":true,"href":"https:\/\/hdgolf.com\/fr\/wp-json\/wp\/v2\/media\/3241"}],"wp:attachment":[{"href":"https:\/\/hdgolf.com\/fr\/wp-json\/wp\/v2\/media?parent=49283"}],"curies":[{"name":"wp","href":"https:\/\/api.w.org\/{rel}","templated":true}]}}