{"id":49260,"date":"2023-12-15T19:25:45","date_gmt":"2023-12-16T00:25:45","guid":{"rendered":"https:\/\/hdgolf.com\/produits\/player-improvement\/"},"modified":"2024-02-07T11:07:24","modified_gmt":"2024-02-07T16:07:24","slug":"perfectionnement-des-joueurs","status":"publish","type":"page","link":"https:\/\/hdgolf.com\/fr\/produits\/perfectionnement-des-joueurs\/","title":{"rendered":"Perfectionnement des joueurs"},"content":{"rendered":"\n<h2 class=\"wp-block-heading\">Les outils de HD\u00a0Golf offrent une analyse d\u00e9taill\u00e9e des coups, une analyse vid\u00e9o de l\u2019\u00e9lan, du transfert de poids et une analyse de l\u2019\u00e9quilibre.<\/h2>\n\n\n\n<p>Le golf, c\u2019est se pr\u00e9occuper des moindres d\u00e9tails, \u00e0 chaque \u00e9lan. Nous aimerions tous passer plus de temps sur les parcours et ma\u00eetriser tous les coups et toutes les nuances qu\u2019exige la pratique du golf. C\u2019est d\u00e9sormais possible en disposant d\u2019un simulateur de golf \u00e0 domicile. Un studio de golf est le compl\u00e9ment id\u00e9al pour tout athl\u00e8te. Contactez HD\u00a0Golf et voyez comment nous pouvons vous aider \u00e0 devenir le meilleur golfeur possible.<\/p>\n","protected":false},"excerpt":{"rendered":"<p>Les outils de HD\u00a0Golf offrent une analyse d\u00e9taill\u00e9e des coups, une analyse vid\u00e9o de l\u2019\u00e9lan, du transfert de poids et une analyse de l\u2019\u00e9quilibre. Le golf, c\u2019est se pr\u00e9occuper des moindres d\u00e9tails, \u00e0 chaque \u00e9lan. Nous aimerions tous passer plus de temps sur les parcours et ma\u00eetriser tous les coups et toutes les nuances qu\u2019exige [&hellip;]<\/p>\n","protected":false},"author":3,"featured_media":49421,"parent":48132,"menu_order":2,"comment_status":"closed","ping_status":"closed","template":"page-top-level.php","meta":{"_acf_changed":false,"footnotes":""},"class_list":["post-49260","page","type-page","status-publish","has-post-thumbnail","hentry"],"acf":[],"_links":{"self":[{"href":"https:\/\/hdgolf.com\/fr\/wp-json\/wp\/v2\/pages\/49260","targetHints":{"allow":["GET"]}}],"collection":[{"href":"https:\/\/hdgolf.com\/fr\/wp-json\/wp\/v2\/pages"}],"about":[{"href":"https:\/\/hdgolf.com\/fr\/wp-json\/wp\/v2\/types\/page"}],"author":[{"embeddable":true,"href":"https:\/\/hdgolf.com\/fr\/wp-json\/wp\/v2\/users\/3"}],"replies":[{"embeddable":true,"href":"https:\/\/hdgolf.com\/fr\/wp-json\/wp\/v2\/comments?post=49260"}],"version-history":[{"count":0,"href":"https:\/\/hdgolf.com\/fr\/wp-json\/wp\/v2\/pages\/49260\/revisions"}],"up":[{"embeddable":true,"href":"https:\/\/hdgolf.com\/fr\/wp-json\/wp\/v2\/pages\/48132"}],"wp:featuredmedia":[{"embeddable":true,"href":"https:\/\/hdgolf.com\/fr\/wp-json\/wp\/v2\/media\/49421"}],"wp:attachment":[{"href":"https:\/\/hdgolf.com\/fr\/wp-json\/wp\/v2\/media?parent=49260"}],"curies":[{"name":"wp","href":"https:\/\/api.w.org\/{rel}","templated":true}]}}