{"id":49232,"date":"2023-12-12T17:53:39","date_gmt":"2023-12-12T22:53:39","guid":{"rendered":"https:\/\/hdgolf.com\/produits\/simulator-models\/"},"modified":"2024-02-08T11:52:56","modified_gmt":"2024-02-08T16:52:56","slug":"modeles-de-simulateurs","status":"publish","type":"page","link":"https:\/\/hdgolf.com\/fr\/produits\/modeles-de-simulateurs\/","title":{"rendered":"Mod\u00e8les de simulateurs"},"content":{"rendered":"\n<h2 class=\"wp-block-heading\">Con\u00e7u sur mesure pour votre espace.\u00a0<\/h2>\n\n\n\n<p>Notre \u00e9quipe travaille avec vous pour cr\u00e9er le simulateur qui vous convient le mieux. Pour la maison ou le bureau, les h\u00f4tels, les clubs de golf, les centres de loisirs et de conditionnement physique et les bars sportifs, nous offrons un ensemble complet qui changera la mani\u00e8re dont les simulateurs de golf sont utilis\u00e9s.<\/p>\n","protected":false},"excerpt":{"rendered":"<p>Con\u00e7u sur mesure pour votre espace.\u00a0 Notre \u00e9quipe travaille avec vous pour cr\u00e9er le simulateur qui vous convient le mieux. Pour la maison ou le bureau, les h\u00f4tels, les clubs de golf, les centres de loisirs et de conditionnement physique et les bars sportifs, nous offrons un ensemble complet qui changera la mani\u00e8re dont les [&hellip;]<\/p>\n","protected":false},"author":3,"featured_media":48617,"parent":48132,"menu_order":3,"comment_status":"closed","ping_status":"closed","template":"page-top-level.php","meta":{"_acf_changed":false,"footnotes":""},"class_list":["post-49232","page","type-page","status-publish","has-post-thumbnail","hentry"],"acf":[],"_links":{"self":[{"href":"https:\/\/hdgolf.com\/fr\/wp-json\/wp\/v2\/pages\/49232","targetHints":{"allow":["GET"]}}],"collection":[{"href":"https:\/\/hdgolf.com\/fr\/wp-json\/wp\/v2\/pages"}],"about":[{"href":"https:\/\/hdgolf.com\/fr\/wp-json\/wp\/v2\/types\/page"}],"author":[{"embeddable":true,"href":"https:\/\/hdgolf.com\/fr\/wp-json\/wp\/v2\/users\/3"}],"replies":[{"embeddable":true,"href":"https:\/\/hdgolf.com\/fr\/wp-json\/wp\/v2\/comments?post=49232"}],"version-history":[{"count":0,"href":"https:\/\/hdgolf.com\/fr\/wp-json\/wp\/v2\/pages\/49232\/revisions"}],"up":[{"embeddable":true,"href":"https:\/\/hdgolf.com\/fr\/wp-json\/wp\/v2\/pages\/48132"}],"wp:featuredmedia":[{"embeddable":true,"href":"https:\/\/hdgolf.com\/fr\/wp-json\/wp\/v2\/media\/48617"}],"wp:attachment":[{"href":"https:\/\/hdgolf.com\/fr\/wp-json\/wp\/v2\/media?parent=49232"}],"curies":[{"name":"wp","href":"https:\/\/api.w.org\/{rel}","templated":true}]}}