{"id":48163,"date":"2023-12-05T19:07:31","date_gmt":"2023-12-05T19:07:31","guid":{"rendered":"https:\/\/hdgolf.com\/solutions\/"},"modified":"2024-01-25T20:57:49","modified_gmt":"2024-01-25T20:57:49","slug":"solutions","status":"publish","type":"page","link":"https:\/\/hdgolf.com\/fr\/solutions\/","title":{"rendered":"Solutions"},"content":{"rendered":"\n<h2 class=\"wp-block-heading\">Le meilleur simulateur pour toutes les situations.<\/h2>\n\n\n\n<p>Le meilleur simulateur de golf est adapt\u00e9 \u00e0 vos besoins. Des r\u00e9sidences priv\u00e9es aux h\u00f4tels et aux condos en passant par les clubs de golf, les bars destin\u00e9s aux amateurs de sports \u00e9lectroniques, les centres de conditionnement physique et les bureaux, notre \u00e9quipe collaborera avec vous pour concevoir un simulateur qui am\u00e9liore tous les aspects de votre int\u00e9r\u00eat.<\/p>\n","protected":false},"excerpt":{"rendered":"<p>Le meilleur simulateur pour toutes les situations. Le meilleur simulateur de golf est adapt\u00e9 \u00e0 vos besoins. Des r\u00e9sidences priv\u00e9es aux h\u00f4tels et aux condos en passant par les clubs de golf, les bars destin\u00e9s aux amateurs de sports \u00e9lectroniques, les centres de conditionnement physique et les bureaux, notre \u00e9quipe collaborera avec vous pour concevoir [&hellip;]<\/p>\n","protected":false},"author":4,"featured_media":1277,"parent":0,"menu_order":19,"comment_status":"closed","ping_status":"closed","template":"page-top-level.php","meta":{"_acf_changed":false,"footnotes":""},"class_list":["post-48163","page","type-page","status-publish","has-post-thumbnail","hentry"],"acf":[],"_links":{"self":[{"href":"https:\/\/hdgolf.com\/fr\/wp-json\/wp\/v2\/pages\/48163","targetHints":{"allow":["GET"]}}],"collection":[{"href":"https:\/\/hdgolf.com\/fr\/wp-json\/wp\/v2\/pages"}],"about":[{"href":"https:\/\/hdgolf.com\/fr\/wp-json\/wp\/v2\/types\/page"}],"author":[{"embeddable":true,"href":"https:\/\/hdgolf.com\/fr\/wp-json\/wp\/v2\/users\/4"}],"replies":[{"embeddable":true,"href":"https:\/\/hdgolf.com\/fr\/wp-json\/wp\/v2\/comments?post=48163"}],"version-history":[{"count":0,"href":"https:\/\/hdgolf.com\/fr\/wp-json\/wp\/v2\/pages\/48163\/revisions"}],"wp:featuredmedia":[{"embeddable":true,"href":"https:\/\/hdgolf.com\/fr\/wp-json\/wp\/v2\/media\/1277"}],"wp:attachment":[{"href":"https:\/\/hdgolf.com\/fr\/wp-json\/wp\/v2\/media?parent=48163"}],"curies":[{"name":"wp","href":"https:\/\/api.w.org\/{rel}","templated":true}]}}