{"id":48159,"date":"2023-12-05T19:07:12","date_gmt":"2023-12-06T00:07:12","guid":{"rendered":"https:\/\/hdgolf.com\/features\/"},"modified":"2024-03-19T16:36:01","modified_gmt":"2024-03-19T20:36:01","slug":"caracteristiques","status":"publish","type":"page","link":"https:\/\/hdgolf.com\/fr\/caracteristiques\/","title":{"rendered":"Caract\u00e9ristiques"},"content":{"rendered":"\n<h2 class=\"wp-block-heading\">La diff\u00e9rence r\u00e9side dans les d\u00e9tails.<\/h2>\n\n\n\n<p>La diff\u00e9rence est r\u00e9elle. Le perfectionnement de votre jeu est beaucoup plus facile lorsque vous travaillez avec la meilleure technologie. Nous avons \u00e9t\u00e9 les premiers \u00e0 utiliser la vision par ordinateur avanc\u00e9e pour vous donner une pr\u00e9cision extr\u00eame et vous aider \u00e0 suivre votre \u00e9lan et le vol de votre balle. Notre logiciel r\u00e9volutionnaire de mod\u00e9lisation en 3D int\u00e8gre des donn\u00e9es de parcours r\u00e9elles afin que vous puissiez b\u00e9n\u00e9ficier d\u2019un r\u00e9alisme \u00e9poustouflant lorsque vous jouez ou vous entra\u00eenez. Quand vous vous entra\u00eenez sur le meilleur simulateur, vous avez une meilleure vue d\u2019ensemble du jeu. Et vous jouez mieux.<\/p>\n","protected":false},"excerpt":{"rendered":"<p>La diff\u00e9rence r\u00e9side dans les d\u00e9tails. La diff\u00e9rence est r\u00e9elle. Le perfectionnement de votre jeu est beaucoup plus facile lorsque vous travaillez avec la meilleure technologie. Nous avons \u00e9t\u00e9 les premiers \u00e0 utiliser la vision par ordinateur avanc\u00e9e pour vous donner une pr\u00e9cision extr\u00eame et vous aider \u00e0 suivre votre \u00e9lan et le vol de [&hellip;]<\/p>\n","protected":false},"author":4,"featured_media":2789,"parent":0,"menu_order":5,"comment_status":"closed","ping_status":"closed","template":"page-top-level.php","meta":{"_acf_changed":false,"footnotes":""},"class_list":["post-48159","page","type-page","status-publish","has-post-thumbnail","hentry"],"acf":[],"_links":{"self":[{"href":"https:\/\/hdgolf.com\/fr\/wp-json\/wp\/v2\/pages\/48159","targetHints":{"allow":["GET"]}}],"collection":[{"href":"https:\/\/hdgolf.com\/fr\/wp-json\/wp\/v2\/pages"}],"about":[{"href":"https:\/\/hdgolf.com\/fr\/wp-json\/wp\/v2\/types\/page"}],"author":[{"embeddable":true,"href":"https:\/\/hdgolf.com\/fr\/wp-json\/wp\/v2\/users\/4"}],"replies":[{"embeddable":true,"href":"https:\/\/hdgolf.com\/fr\/wp-json\/wp\/v2\/comments?post=48159"}],"version-history":[{"count":0,"href":"https:\/\/hdgolf.com\/fr\/wp-json\/wp\/v2\/pages\/48159\/revisions"}],"wp:featuredmedia":[{"embeddable":true,"href":"https:\/\/hdgolf.com\/fr\/wp-json\/wp\/v2\/media\/2789"}],"wp:attachment":[{"href":"https:\/\/hdgolf.com\/fr\/wp-json\/wp\/v2\/media?parent=48159"}],"curies":[{"name":"wp","href":"https:\/\/api.w.org\/{rel}","templated":true}]}}