{"id":48149,"date":"2023-12-05T19:04:37","date_gmt":"2023-12-06T00:04:37","guid":{"rendered":"https:\/\/hdgolf.com\/why-hd-golf\/"},"modified":"2024-02-07T16:08:02","modified_gmt":"2024-02-07T21:08:02","slug":"pourquoi-hd-golf","status":"publish","type":"page","link":"https:\/\/hdgolf.com\/fr\/pourquoi-hd-golf\/","title":{"rendered":"Pourquoi HD\u00a0Golf"},"content":{"rendered":"\n<h2 class=\"wp-block-heading\">Technologie exclusive de pointe.<\/h2>\n\n\n\n<p>La diff\u00e9rence r\u00e9side dans notre attention port\u00e9e \u00e0 chaque petit d\u00e9tail. Notre technologie avanc\u00e9e de vision par ordinateur est si pr\u00e9cise que vous pouvez suivre votre swing et votre vol de balle jusqu&#8217;\u00e0 0,1 degr\u00e9. Notre logiciel de mod\u00e9lisation 3D r\u00e9volutionnaire int\u00e8gre des donn\u00e9es de parcours r\u00e9elles si d\u00e9taill\u00e9es que vous avez l&#8217;impression d&#8217;\u00eatre sur le parcours. Notre studio de golf professionnel vous donne acc\u00e8s \u00e0 des monteurs et instructeurs de clubs de pointe. Ainsi, vous pouvez faire passer votre jeu au niveau sup\u00e9rieur.<\/p>\n\n\n\n<div class=\"wp-block-buttons is-layout-flex wp-block-buttons-is-layout-flex\">\n<div class=\"wp-block-button\"><a class=\"wp-block-button__link wp-element-button\" href=\"\/fr\/communiquez\/\">Entrer en contact<\/a><\/div>\n<\/div>\n","protected":false},"excerpt":{"rendered":"<p>Technologie exclusive de pointe. La diff\u00e9rence r\u00e9side dans notre attention port\u00e9e \u00e0 chaque petit d\u00e9tail. Notre technologie avanc\u00e9e de vision par ordinateur est si pr\u00e9cise que vous pouvez suivre votre swing et votre vol de balle jusqu&#8217;\u00e0 0,1 degr\u00e9. Notre logiciel de mod\u00e9lisation 3D r\u00e9volutionnaire int\u00e8gre des donn\u00e9es de parcours r\u00e9elles si d\u00e9taill\u00e9es que vous [&hellip;]<\/p>\n","protected":false},"author":4,"featured_media":2783,"parent":0,"menu_order":21,"comment_status":"closed","ping_status":"closed","template":"page-top-level.php","meta":{"_acf_changed":false,"footnotes":""},"class_list":["post-48149","page","type-page","status-publish","has-post-thumbnail","hentry"],"acf":[],"_links":{"self":[{"href":"https:\/\/hdgolf.com\/fr\/wp-json\/wp\/v2\/pages\/48149","targetHints":{"allow":["GET"]}}],"collection":[{"href":"https:\/\/hdgolf.com\/fr\/wp-json\/wp\/v2\/pages"}],"about":[{"href":"https:\/\/hdgolf.com\/fr\/wp-json\/wp\/v2\/types\/page"}],"author":[{"embeddable":true,"href":"https:\/\/hdgolf.com\/fr\/wp-json\/wp\/v2\/users\/4"}],"replies":[{"embeddable":true,"href":"https:\/\/hdgolf.com\/fr\/wp-json\/wp\/v2\/comments?post=48149"}],"version-history":[{"count":0,"href":"https:\/\/hdgolf.com\/fr\/wp-json\/wp\/v2\/pages\/48149\/revisions"}],"wp:featuredmedia":[{"embeddable":true,"href":"https:\/\/hdgolf.com\/fr\/wp-json\/wp\/v2\/media\/2783"}],"wp:attachment":[{"href":"https:\/\/hdgolf.com\/fr\/wp-json\/wp\/v2\/media?parent=48149"}],"curies":[{"name":"wp","href":"https:\/\/api.w.org\/{rel}","templated":true}]}}