{"id":47838,"date":"2024-01-17T19:59:56","date_gmt":"2024-01-17T19:59:56","guid":{"rendered":"https:\/\/hdgolf.com\/en404\/"},"modified":"2024-01-31T19:37:56","modified_gmt":"2024-01-31T19:37:56","slug":"no-trans-fr","status":"publish","type":"page","link":"https:\/\/hdgolf.com\/fr\/no-trans-fr\/","title":{"rendered":"La traduction n\u2019est pas disponible"},"content":{"rendered":"\n<p>Cette page n\u2019a pas encore \u00e9t\u00e9 traduite dans cette langue.<\/p>\n\n\n\n<p>Si vous \u00eates arriv\u00e9 ici \u00e0 partir d\u2019une page anglaise, vous pouvez cliquer sur votre bouton de navigation pour consulter l\u2019anglais, ou cliquer sur le bouton de recherche dans le coin sup\u00e9rieur droit de cette page pour chercher le contenu qui vous int\u00e9resse. <\/p>\n\n\n\n<p>Si vous croyez qu\u2019il s\u2019agit d\u2019une erreur, veuillez communiquer avec nous par courriel \u00e0 <a href=\"mailto:email@hdgolf.com\">email@hdgolf.com<\/a><\/p>\n","protected":false},"excerpt":{"rendered":"<p>Cette page n\u2019a pas encore \u00e9t\u00e9 traduite dans cette langue. Si vous \u00eates arriv\u00e9 ici \u00e0 partir d\u2019une page anglaise, vous pouvez cliquer sur votre bouton de navigation pour consulter l\u2019anglais, ou cliquer sur le bouton de recherche dans le coin sup\u00e9rieur droit de cette page pour chercher le contenu qui vous int\u00e9resse. Si vous [&hellip;]<\/p>\n","protected":false},"author":4,"featured_media":0,"parent":0,"menu_order":0,"comment_status":"closed","ping_status":"closed","template":"page-top-level.php","meta":{"_acf_changed":false,"footnotes":""},"class_list":["post-47838","page","type-page","status-publish","hentry"],"acf":[],"_links":{"self":[{"href":"https:\/\/hdgolf.com\/fr\/wp-json\/wp\/v2\/pages\/47838","targetHints":{"allow":["GET"]}}],"collection":[{"href":"https:\/\/hdgolf.com\/fr\/wp-json\/wp\/v2\/pages"}],"about":[{"href":"https:\/\/hdgolf.com\/fr\/wp-json\/wp\/v2\/types\/page"}],"author":[{"embeddable":true,"href":"https:\/\/hdgolf.com\/fr\/wp-json\/wp\/v2\/users\/4"}],"replies":[{"embeddable":true,"href":"https:\/\/hdgolf.com\/fr\/wp-json\/wp\/v2\/comments?post=47838"}],"version-history":[{"count":0,"href":"https:\/\/hdgolf.com\/fr\/wp-json\/wp\/v2\/pages\/47838\/revisions"}],"wp:attachment":[{"href":"https:\/\/hdgolf.com\/fr\/wp-json\/wp\/v2\/media?parent=47838"}],"curies":[{"name":"wp","href":"https:\/\/api.w.org\/{rel}","templated":true}]}}