{"id":35,"date":"2023-10-27T14:13:01","date_gmt":"2023-10-27T18:13:01","guid":{"rendered":"https:\/\/hdgolf.dev.local\/homefr\/"},"modified":"2024-04-05T14:47:27","modified_gmt":"2024-04-05T18:47:27","slug":"homefr","status":"publish","type":"page","link":"https:\/\/hdgolf.com\/fr\/","title":{"rendered":"La diff\u00e9rence est r\u00e9elle"},"content":{"rendered":"\n<p>Chez HD&nbsp;Golf, nous savons que la diff\u00e9rence entre un bon et un excellent produit est dans les d\u00e9tails. C\u2019est pourquoi nous \u00e9valuons minutieusement chacun d\u2019eux.&nbsp; Nous commen\u00e7ons par produire des mod\u00e8les&nbsp;3D en utilisant des donn\u00e9es r\u00e9elles pour recr\u00e9er des parcours de championnat avec un r\u00e9alisme saisissant. Notre technologie avanc\u00e9e de vision par ordinateur d\u00e9ploie plus de cam\u00e9ras que n\u2019importe quel autre simulateur pour suivre la vitesse de la balle, l\u2019effet de la balle, le contact avec la face du b\u00e2ton et l\u2019angle, avec une pr\u00e9cision de 0,1&nbsp;degr\u00e9. Attendez-vous donc \u00e0 mieux voir. Et \u00e0 mieux jouer. Gr\u00e2ce au meilleur simulateur au monde.<\/p>\n\n\n\n<div class=\"wp-block-buttons mobile-only is-content-justification-center is-layout-flex wp-container-core-buttons-is-layout-16018d1d wp-block-buttons-is-layout-flex\">\n<div class=\"wp-block-button\"><a class=\"wp-block-button__link wp-element-button\" href=\"\/fr\/communiquez\/ventes\/\">Communiquez avec nous<\/a><\/div>\n<\/div>\n","protected":false},"excerpt":{"rendered":"<p>Chez HD&nbsp;Golf, nous savons que la diff\u00e9rence entre un bon et un excellent produit est dans les d\u00e9tails. C\u2019est pourquoi nous \u00e9valuons minutieusement chacun d\u2019eux.&nbsp; Nous commen\u00e7ons par produire des mod\u00e8les&nbsp;3D en utilisant des donn\u00e9es r\u00e9elles pour recr\u00e9er des parcours de championnat avec un r\u00e9alisme saisissant. Notre technologie avanc\u00e9e de vision par ordinateur d\u00e9ploie plus [&hellip;]<\/p>\n","protected":false},"author":1,"featured_media":0,"parent":0,"menu_order":11,"comment_status":"closed","ping_status":"closed","template":"","meta":{"_acf_changed":false,"footnotes":""},"class_list":["post-35","page","type-page","status-publish","hentry"],"acf":[],"_links":{"self":[{"href":"https:\/\/hdgolf.com\/fr\/wp-json\/wp\/v2\/pages\/35","targetHints":{"allow":["GET"]}}],"collection":[{"href":"https:\/\/hdgolf.com\/fr\/wp-json\/wp\/v2\/pages"}],"about":[{"href":"https:\/\/hdgolf.com\/fr\/wp-json\/wp\/v2\/types\/page"}],"author":[{"embeddable":true,"href":"https:\/\/hdgolf.com\/fr\/wp-json\/wp\/v2\/users\/1"}],"replies":[{"embeddable":true,"href":"https:\/\/hdgolf.com\/fr\/wp-json\/wp\/v2\/comments?post=35"}],"version-history":[{"count":0,"href":"https:\/\/hdgolf.com\/fr\/wp-json\/wp\/v2\/pages\/35\/revisions"}],"wp:attachment":[{"href":"https:\/\/hdgolf.com\/fr\/wp-json\/wp\/v2\/media?parent=35"}],"curies":[{"name":"wp","href":"https:\/\/api.w.org\/{rel}","templated":true}]}}